{"id":143,"date":"2014-04-05T14:11:00","date_gmt":"2014-04-05T12:11:00","guid":{"rendered":"http:\/\/www.lsc-fassberg.de\/?page_id=143"},"modified":"2019-03-25T13:03:00","modified_gmt":"2019-03-25T12:03:00","slug":"download","status":"publish","type":"page","link":"https:\/\/www.lsc-fassberg.de\/?page_id=143","title":{"rendered":"Download"},"content":{"rendered":"<p>Hier findet ihr noch einmal alle herunterladbaren Dokumente:<\/p>\n<ul>\n<li>LSC-Flyer (<a href=\"http:\/\/www.lsc-fassberg.de\/wp-content\/uploads\/2018\/03\/LSC-Flyer.pdf\">PDF<\/a>)<\/li>\n<li>Satzung (<a title=\"Satzung\" href=\"http:\/\/www.lsc-fassberg.de\/wp-content\/uploads\/2014\/04\/Satzung-2013.pdf\" target=\"_blank\" rel=\"noopener noreferrer\">PDF<\/a>)<\/li>\n<li>Gesch\u00e4ftsordnung (<a title=\"Gesch\u00e4ftsordnung\" href=\"http:\/\/www.lsc-fassberg.de\/wp-content\/uploads\/2019\/03\/Gescha\u0308ftsordnung-2019.pdf\" target=\"_blank\" rel=\"noopener noreferrer\">PDF<\/a>)<\/li>\n<li>Datenschutzserkl\u00e4rung gem\u00e4\u00df DSGVO (<a href=\"https:\/\/www.lsc-fassberg.de\/wp-content\/uploads\/2019\/03\/Datenschutzerkla\u0308rung-LSC-Fassberg.pdf\" target=\"_blank\" rel=\"noopener noreferrer\">PDF<\/a>)<\/li>\n<li>Schriftliche Einwilligung gem\u00e4\u00df Datenschutz (<a href=\"https:\/\/www.lsc-fassberg.de\/wp-content\/uploads\/2019\/03\/Datenschutzerkla\u0308rung-LSC-Fassberg-Einwilligung.pdf\" target=\"_blank\" rel=\"noopener noreferrer\">PDF<\/a>)<\/li>\n<li>Aufnahmeantrag (<a title=\"Aufnahmeantrag\" href=\"https:\/\/www.lsc-fassberg.de\/wp-content\/uploads\/2019\/03\/Aufnahmeantrag-2019.pdf\" target=\"_blank\" rel=\"noopener noreferrer\">PDF)<\/a>\n<ul>\n<li>Anlage 1 &#8211; Nutzung LSC-Ger\u00e4t (<a title=\"Nutzung LSC-Ger\u00e4t\" href=\"https:\/\/www.lsc-fassberg.de\/wp-content\/uploads\/2019\/03\/Aufnahmeantrag-Anlage1-Nutzung-LSC-Gera\u0308t-2019.pdf\" target=\"_blank\" rel=\"noopener noreferrer\">PDF<\/a>)<\/li>\n<li>Anlage 2 &#8211; Beitrags-, Umlagen- und Geb\u00fchrenordnung (<a title=\"Beitrags-, Umlagen- und Geb\u00fchrenordnung\" href=\"https:\/\/www.lsc-fassberg.de\/wp-content\/uploads\/2019\/03\/Beitrags-Umlagen-und-Gebu\u0308hrenordnung-2019.pdf\" target=\"_blank\" rel=\"noopener noreferrer\">PDF<\/a>)<\/li>\n<li>Anlage 3 &#8211; 90 Tage Regelung (<a title=\"90 Tage Regelung\" href=\"https:\/\/www.lsc-fassberg.de\/wp-content\/uploads\/2019\/03\/Aufnahmeantrag-Anlage3-90-Tage-2019.pdf\" target=\"_blank\" rel=\"noopener noreferrer\">PDF<\/a>)<\/li>\n<li>Anlage 4 &#8211; Schriftliche Einwilligung gem\u00e4\u00df Datenschutz (<a href=\"https:\/\/www.lsc-fassberg.de\/wp-content\/uploads\/2019\/03\/Datenschutzerkla\u0308rung-LSC-Fassberg-Einwilligung.pdf\" target=\"_blank\" rel=\"noopener noreferrer\">PDF<\/a>)<\/li>\n<\/ul>\n<\/li>\n<li>Beitrags-, Umlagen- und Geb\u00fchrenordnung (<a title=\"Beitrags-, Umlagen- und Geb\u00fchrenordnung\" href=\"https:\/\/www.lsc-fassberg.de\/wp-content\/uploads\/2019\/03\/Beitrags-Umlagen-und-Gebu\u0308hrenordnung-2019.pdf\" target=\"_blank\" rel=\"noopener noreferrer\">PDF<\/a>)<\/li>\n<li>Flugbetriebsordnung im Mitgliederbereich (<a href=\"http:\/\/www.lsc-fassberg.de\/?page_id=228\">HIER<\/a>)<\/li>\n<li>National Visual Operational Chart ETHS im Mitgliederbereich (<a href=\"http:\/\/www.lsc-fassberg.de\/?page_id=228\">HIER<\/a>)<\/li>\n<li>Jubil\u00e4umsschrift zu 50 Jahre LSC Fa\u00dfberg im Mitgliederbereich (<a href=\"http:\/\/www.lsc-fassberg.de\/?page_id=228\">HIER<\/a>)<\/li>\n<li><a href=\"http:\/\/www.lsc-fassberg.de\/wp-content\/uploads\/2016\/09\/Bericht-Verl\u00e4ngerung-Klassenberechtigung.pdf\">Bericht &#8211; Verl\u00e4ngerung Klassenberechtigung<\/a><\/li>\n<\/ul>\n","protected":false},"excerpt":{"rendered":"<p>Hier findet ihr noch einmal alle herunterladbaren Dokumente: LSC-Flyer (PDF) Satzung (PDF) Gesch\u00e4ftsordnung (PDF) Datenschutzserkl\u00e4rung gem\u00e4\u00df DSGVO (PDF) Schriftliche Einwilligung gem\u00e4\u00df Datenschutz (PDF) Aufnahmeantrag (PDF) Anlage 1 &#8211; Nutzung LSC-Ger\u00e4t (PDF) Anlage 2 &#8211; Beitrags-, Umlagen- und Geb\u00fchrenordnung (PDF) Anlage 3 &#8211; 90 Tage Regelung (PDF) Anlage 4 &#8211; Schriftliche Einwilligung gem\u00e4\u00df Datenschutz (PDF) Beitrags-, [&hellip;]<\/p>\n","protected":false},"author":1,"featured_media":0,"parent":0,"menu_order":0,"comment_status":"closed","ping_status":"open","template":"","meta":{"footnotes":""},"class_list":["post-143","page","type-page","status-publish","hentry"],"_links":{"self":[{"href":"https:\/\/www.lsc-fassberg.de\/index.php?rest_route=\/wp\/v2\/pages\/143","targetHints":{"allow":["GET"]}}],"collection":[{"href":"https:\/\/www.lsc-fassberg.de\/index.php?rest_route=\/wp\/v2\/pages"}],"about":[{"href":"https:\/\/www.lsc-fassberg.de\/index.php?rest_route=\/wp\/v2\/types\/page"}],"author":[{"embeddable":true,"href":"https:\/\/www.lsc-fassberg.de\/index.php?rest_route=\/wp\/v2\/users\/1"}],"replies":[{"embeddable":true,"href":"https:\/\/www.lsc-fassberg.de\/index.php?rest_route=%2Fwp%2Fv2%2Fcomments&post=143"}],"version-history":[{"count":38,"href":"https:\/\/www.lsc-fassberg.de\/index.php?rest_route=\/wp\/v2\/pages\/143\/revisions"}],"predecessor-version":[{"id":897,"href":"https:\/\/www.lsc-fassberg.de\/index.php?rest_route=\/wp\/v2\/pages\/143\/revisions\/897"}],"wp:attachment":[{"href":"https:\/\/www.lsc-fassberg.de\/index.php?rest_route=%2Fwp%2Fv2%2Fmedia&parent=143"}],"curies":[{"name":"wp","href":"https:\/\/api.w.org\/{rel}","templated":true}]}}