{"id":238,"date":"2014-04-06T09:49:34","date_gmt":"2014-04-06T07:49:34","guid":{"rendered":"http:\/\/www.lsc-fassberg.de\/?page_id=238"},"modified":"2019-04-26T14:33:49","modified_gmt":"2019-04-26T12:33:49","slug":"links","status":"publish","type":"page","link":"https:\/\/www.lsc-fassberg.de\/?page_id=238","title":{"rendered":"Links"},"content":{"rendered":"<p>Hier ein paar n\u00fctzliche Links f\u00fcr Piloten und Links zu Seiten von Vereinen in der N\u00e4he:<\/p>\n<ul>\n<li><a title=\"FL95.de\" href=\"http:\/\/fl95.de\/index.php\" target=\"_blank\" rel=\"noopener noreferrer\">FL95.de<\/a><\/li>\n<li><a title=\"DFS AIS-Portal\" href=\"https:\/\/secais.dfs.de\/pilotservice\/home.jsp\" target=\"_blank\" rel=\"noopener noreferrer\">DFS AIS-Portal<\/a><\/li>\n<li><a title=\"eddh.de\" href=\"http:\/\/www.eddh.de\/\" target=\"_blank\" rel=\"noopener noreferrer\">eddh.de<\/a><\/li>\n<li><a title=\"Luftsportverein L\u00fcneburg\" href=\"http:\/\/edhg.de\/\" target=\"_blank\" rel=\"noopener noreferrer\">edhg.de<\/a><\/li>\n<li>NOTAMS: <a href=\"https:\/\/pilotweb.nas.faa.gov\/PilotWeb\/\">https:\/\/pilotweb.nas.faa.gov\/PilotWeb\/<\/a><\/li>\n<li>Wetter: <a href=\"http:\/\/www.wetteronline.de\/\">www.wetteronline.de<\/a><\/li>\n<li>MIL AIP: <a href=\"https:\/\/milais.org\/\">https:\/\/milais.org\/<\/a><\/li>\n<\/ul>\n<p>Anregungen \/ Erweiterungen sind jederzeit herzlich willkommen!<\/p>\n","protected":false},"excerpt":{"rendered":"<p>Hier ein paar n\u00fctzliche Links f\u00fcr Piloten und Links zu Seiten von Vereinen in der N\u00e4he: FL95.de DFS AIS-Portal eddh.de edhg.de NOTAMS: https:\/\/pilotweb.nas.faa.gov\/PilotWeb\/ Wetter: www.wetteronline.de MIL AIP: https:\/\/milais.org\/ Anregungen \/ Erweiterungen sind jederzeit herzlich willkommen!<\/p>\n","protected":false},"author":1,"featured_media":0,"parent":0,"menu_order":0,"comment_status":"closed","ping_status":"open","template":"","meta":{"footnotes":""},"class_list":["post-238","page","type-page","status-publish","hentry"],"_links":{"self":[{"href":"https:\/\/www.lsc-fassberg.de\/index.php?rest_route=\/wp\/v2\/pages\/238","targetHints":{"allow":["GET"]}}],"collection":[{"href":"https:\/\/www.lsc-fassberg.de\/index.php?rest_route=\/wp\/v2\/pages"}],"about":[{"href":"https:\/\/www.lsc-fassberg.de\/index.php?rest_route=\/wp\/v2\/types\/page"}],"author":[{"embeddable":true,"href":"https:\/\/www.lsc-fassberg.de\/index.php?rest_route=\/wp\/v2\/users\/1"}],"replies":[{"embeddable":true,"href":"https:\/\/www.lsc-fassberg.de\/index.php?rest_route=%2Fwp%2Fv2%2Fcomments&post=238"}],"version-history":[{"count":5,"href":"https:\/\/www.lsc-fassberg.de\/index.php?rest_route=\/wp\/v2\/pages\/238\/revisions"}],"predecessor-version":[{"id":900,"href":"https:\/\/www.lsc-fassberg.de\/index.php?rest_route=\/wp\/v2\/pages\/238\/revisions\/900"}],"wp:attachment":[{"href":"https:\/\/www.lsc-fassberg.de\/index.php?rest_route=%2Fwp%2Fv2%2Fmedia&parent=238"}],"curies":[{"name":"wp","href":"https:\/\/api.w.org\/{rel}","templated":true}]}}