{"id":25,"date":"2014-03-10T21:22:13","date_gmt":"2014-03-10T20:22:13","guid":{"rendered":"http:\/\/www.lsc-fassberg.de\/?page_id=25"},"modified":"2021-01-13T11:09:58","modified_gmt":"2021-01-13T10:09:58","slug":"impressum","status":"publish","type":"page","link":"https:\/\/www.lsc-fassberg.de\/?page_id=25","title":{"rendered":"Impressum"},"content":{"rendered":"<h2><strong>Verantwortlich f\u00fcr den Inhalt der Seite:<\/strong><\/h2>\n<p>Luftsport-Club Fa\u00dfberg e.V.<br \/>\nPostfach 2126<br \/>\n29326 Fa\u00dfberg<\/p>\n<p>vertreten durch:<\/p>\n<p>Vorstand:<br \/>\n1. Vorsitzenden Ulric Brandt<br \/>\n2. Vorsitzenden Martin Bauer<br \/>\nSchriftf\u00fchrer Andreas Pietzsch<br \/>\nKassenwart Ute Pr\u00e4gler<br \/>\n<strong><br \/>\n<\/strong>Die Betreiber von LSC-Fassberg.de haften nicht f\u00fcr Inhalte von externen Websites, auf die von LSC-Fassberg.de aus gelinkt werden kann und auf deren Inhalte und Gestaltung sie keinen Einfluss nehmen k\u00f6nnen. Insbesondere erkl\u00e4rt der Besucher von LSC-Fassberg.de, dass er hiervon Kenntnis hat.<\/p>\n","protected":false},"excerpt":{"rendered":"<p>Verantwortlich f\u00fcr den Inhalt der Seite: Luftsport-Club Fa\u00dfberg e.V. Postfach 2126 29326 Fa\u00dfberg vertreten durch: Vorstand: 1. Vorsitzenden Ulric Brandt 2. Vorsitzenden Martin Bauer Schriftf\u00fchrer Andreas Pietzsch Kassenwart Ute Pr\u00e4gler Die Betreiber von LSC-Fassberg.de haften nicht f\u00fcr Inhalte von externen Websites, auf die von LSC-Fassberg.de aus gelinkt werden kann und auf deren Inhalte und Gestaltung [&hellip;]<\/p>\n","protected":false},"author":1,"featured_media":0,"parent":0,"menu_order":0,"comment_status":"closed","ping_status":"open","template":"","meta":{"footnotes":""},"class_list":["post-25","page","type-page","status-publish","hentry"],"_links":{"self":[{"href":"https:\/\/www.lsc-fassberg.de\/index.php?rest_route=\/wp\/v2\/pages\/25","targetHints":{"allow":["GET"]}}],"collection":[{"href":"https:\/\/www.lsc-fassberg.de\/index.php?rest_route=\/wp\/v2\/pages"}],"about":[{"href":"https:\/\/www.lsc-fassberg.de\/index.php?rest_route=\/wp\/v2\/types\/page"}],"author":[{"embeddable":true,"href":"https:\/\/www.lsc-fassberg.de\/index.php?rest_route=\/wp\/v2\/users\/1"}],"replies":[{"embeddable":true,"href":"https:\/\/www.lsc-fassberg.de\/index.php?rest_route=%2Fwp%2Fv2%2Fcomments&post=25"}],"version-history":[{"count":5,"href":"https:\/\/www.lsc-fassberg.de\/index.php?rest_route=\/wp\/v2\/pages\/25\/revisions"}],"predecessor-version":[{"id":934,"href":"https:\/\/www.lsc-fassberg.de\/index.php?rest_route=\/wp\/v2\/pages\/25\/revisions\/934"}],"wp:attachment":[{"href":"https:\/\/www.lsc-fassberg.de\/index.php?rest_route=%2Fwp%2Fv2%2Fmedia&parent=25"}],"curies":[{"name":"wp","href":"https:\/\/api.w.org\/{rel}","templated":true}]}}