{"id":31,"date":"2014-03-10T21:40:50","date_gmt":"2014-03-10T20:40:50","guid":{"rendered":"http:\/\/www.lsc-fassberg.de\/?page_id=31"},"modified":"2022-09-01T05:45:01","modified_gmt":"2022-09-01T03:45:01","slug":"kontakt","status":"publish","type":"page","link":"https:\/\/www.lsc-fassberg.de\/?page_id=31","title":{"rendered":"Kontakt"},"content":{"rendered":"<h2>So k\u00f6nnen Sie sich mit uns in Verbindung setzen<\/h2>\n<p>Wir danken Ihnen f\u00fcr das Interesse an unserem Verein und freuen uns, dass Sie mit uns Kontakt aufnehmen m\u00f6chten.<\/p>\n<p>Im modernen Medienzeitalter k\u00f6nnen wir Ihnen eine Vielzahl von M\u00f6glichkeiten zur Kontaktaufnahme anbieten: auf dem Postweg, per Telefon, Mobil, Fax, E-Mail oder das unten vorhandene Webformular.<\/p>\n<p>Auf dem Postweg erreichen Sie uns unter der Adresse:<\/p>\n<p><b><i>Luftsport-Club Fa\u00dfberg e.V.<br \/>\nPostfach 2126<br \/>\n29326 Fa\u00dfberg<\/i><\/b><\/p>\n<p>Optimal erreichbar sind wir \u00fcber die E-Mail-Adresse <b>info@lsc-fassberg.de<\/b><\/p>\n<p>Alternativ per<b> Telefon: 05192 &#8211; 5482\u00a0<\/b>oder auch am Wochenende auf dem Flugplatz unter: <b>0 50 55 &#8211; 88 38 <\/b>und<b>\u00a0Fax: <b>0 50 55 &#8211; 88 38<\/b><br \/>\n<\/b><\/p>\n<p>Oder nutzen Sie einfach dieses Formular, um uns eine Nachricht zukommen zu lassen.<br \/>\nWir werden uns so schnell wie m\u00f6glich um Ihre Anfrage k\u00fcmmern.<\/p>\n<div id=\"cscf\" class=\"cscfBlock\">\n    <div class=\"cscfMessageSent\" style=\"display:none;\" role=\"status\" aria-live=\"polite\">\n\t\t<h3>Nachricht gesendet<\/h3>\n<p>Danke f\u00fcr Ihre Nachricht, Sie werden sobald wie m\u00f6glich eine Antwort erhalten. <\/p>    <\/div>\n    <div class=\"cscfMessageNotSent\" style=\"display:none;\" role=\"alert\" aria-live=\"assertive\">\n\t\t<p>\n    Entschuldigung, es ist ein Fehler aufgetreten und die Nachricht wurde nicht gesendet.<\/p>\n    <\/div>\n    <div class=\"cscfForm\">\n        <p><\/p>\n\n        <form role=\"form\" id=\"frmCSCF\" name=\"frmCSCF\" method=\"post\" novalidate>\n\t\t\t<input type=\"hidden\" id=\"cscf_nonce\" name=\"cscf_nonce\" value=\"3d71aa1183\" \/><input type=\"hidden\" name=\"_wp_http_referer\" value=\"\/index.php?rest_route=%2Fwp%2Fv2%2Fpages%2F31\" \/>            <input type=\"hidden\" name=\"post-id\" value=\"31\">\n\n\t\t\t\n            <!-- name -->\n            <div class=\"control-group form-group\">\n                <label for=\"cscf_name\">Name:<\/label>\n\n\n                <div class=\"\">\n\t\t\t\t\t                    <input class=\"form-control input-xlarge\"\n                           data-rule-required=\"true\"\n                           data-msg-required=\"Bitte gib deinen Namen ein.\"\n                           type=\"text\" id=\"cscf_name\" name=\"cscf[name]\"\n                           value=\"\"\n                           placeholder=\"Dein Name\"\n                           autocomplete=\"name\"\n                           aria-required=\"true\"\n                           aria-describedby=\"cscf_name_error\"\n                                               \/>\n                <\/div>\n                <span id=\"cscf_name_error\" class=\"help-inline help-block error\"\n                      style=\"display:none;\"\n                      role=\"alert\">\n                                    <\/span>\n            <\/div>\n\n\n            <!--email address-->\n            <div class=\"control-group form-group\">\n                <label for=\"cscf_email\">E-Mail-Adresse:<\/label>\n\n                <div class=\"\">\n\t\t\t\t\t                    <input class=\"form-control input-xlarge\"\n                           data-rule-required=\"true\"\n                           data-rule-email=\"true\"\n                           data-msg-required=\"Bitte gib deine E-Mail-Adresse ein.\"\n                           data-msg-email=\"Bitte gib eine g\u00fcltige E-Mail-Adresse ein.\"\n                           type=\"email\" id=\"cscf_email\" name=\"cscf[email]\"\n                           value=\"\"\n                           placeholder=\"Deine E-Mail-Adresse\"\n                           autocomplete=\"email\"\n                           aria-required=\"true\"\n                           aria-describedby=\"cscf_email_error\"\n                                               \/>\n                <\/div>\n                <span id=\"cscf_email_error\" class=\"help-inline help-block error\"\n                      style=\"display:none;\"\n                      role=\"alert\">\n                                    <\/span>\n            <\/div>\n\n\t\t\t                <!--confirm email address -->\n                <div class=\"control-group form-group\">\n                    <label for=\"cscf_confirm-email\">E-Mail-Adresse best\u00e4tigen:<\/label>\n                    <div class=\"\">\n\t\t\t\t\t\t                        <input class=\"form-control input-xlarge\"\n                               data-rule-required=\"true\"\n                               data-rule-email=\"true\"\n                               data-rule-equalTo=\"#cscf_email\"\n                               data-msg-required=\"Bitte gib deine E-Mail-Adresse erneut ein.\"\n                               data-msg-email=\"Bitte gib eine g\u00fcltige E-Mail-Adresse ein.\"\n                               data-msg-equalTo=\"Bitte gib deine E-Mail-Adresse erneut ein.\"\n                               type=\"email\" id=\"cscf_confirm-email\" name=\"cscf[confirm-email]\"\n                               value=\"\"\n                               placeholder=\"Best\u00e4tige deine E-Mail-Adresse\"\n                               autocomplete=\"email\"\n                               aria-required=\"true\"\n                               aria-describedby=\"cscf_confirm-email_error\"\n                                                       \/>\n                    <\/div>\n                    <span id=\"cscf_confirm-email_error\" class=\"help-inline help-block error\"\n                          style=\"display:none;\"\n                          role=\"alert\">\n                                    <\/span>\n                <\/div>\n\t\t\t\n\t\t\t                <!-- telephone number -->\n                <div class=\"control-group form-group\">\n                    <label for=\"cscf_phone-number\">Telefonnummer:<\/label>\n                    <div class=\"\">\n\t\t\t\t\t\t                        <input class=\"form-control input-xlarge\"\n                               data-rule-required=\"false\"\n\t\t\t\t\t\t\t   data-msg-required=\"Bitte gib deine Telefonnummer ein.\"\n\t\t\t\t\t\t\t   type=\"tel\" id=\"cscf_phone-number\" name=\"cscf[phone-number]\"\n                               value=\"\"\n                               placeholder=\"Deine Telefonnummer\"\n                               autocomplete=\"tel\"\n                                                              aria-describedby=\"cscf_phone-number_error\"\n                                                       \/>\n                    <\/div>\n                    <span id=\"cscf_phone-number_error\" class=\"help-inline help-block error\"\n                          style=\"display:none;\"\n                          role=\"alert\">\n                                    <\/span>\n                <\/div>\n\t\t\t\n\n            <!-- message -->\n            <div class=\"control-group form-group\">\n                <label for=\"cscf_message\">Nachricht:<\/label>\n                <div class=\"\">\n\t\t\t\t\t                    <textarea class=\"form-control input-xlarge\"\n                              data-rule-required=\"true\"\n                              data-msg-required=\"Bitte gib eine Nachricht ein.\"\n                              id=\"cscf_message\" name=\"cscf[message]\" rows=\"10\"\n                              placeholder=\"Deine Nachricht\"\n                              aria-required=\"true\"\n                              aria-describedby=\"cscf_message_error\"\n                              ><\/textarea>\n                <\/div>\n\n                <span id=\"cscf_message_error\" class=\"help-inline help-block error\"\n                      style=\"display:none;\"\n                      role=\"alert\">\n                                    <\/span>\n            <\/div>\n\n\t\t\t\n\n\n\t\t\t                <!-- contact consent -->\n                <div class=\"control-group form-group\">\n                    <label for=\"cscf_contact-consent\">Ich stimme zu, dass meine Kontaktdaten gespeichert werden:<\/label>\n                    <div class=\"\">\n\t\t\t\t\t\t                        <input class=\"form-control input-xlarge\"\n\t\t\t\t\t\t\t   data-rule-required=\"true\"\n                               data-msg-required=\"Bitte gib dein Einverst\u00e4ndnis.\"\n\t\t\t\t\t\t\t type=\"checkbox\"\n                               id=\"cscf_contact-consent\"\n                               name=\"cscf[contact-consent]\"\n                               aria-required=\"true\"\n                               aria-describedby=\"cscf_contact-consent_error\"\n                               >\n                    <\/div>\n                    <span id=\"cscf_contact-consent_error\" class=\"help-inline help-block error\"\n                          style=\"display:none;\"\n                          role=\"alert\">\n                                            <\/span>\n                <\/div>\n\t\t\t\n            <!-- recaptcha -->\n\t\t\t\n                <div class=\"control-group form-group\">\n                    <div id=\"recaptcha_div\">\n                        <div class=\"g-recaptcha\" data-theme=\"light\"\n                             data-sitekey=\"6LfT34UjAAAAAEfPZVrEbA9c2822hsQpvUgC5_lK\"><\/div>\n\n\n                        <div id=\"cscf_recaptcha_error\"\n                             class=\"help-inline help-block error\"\n                             role=\"alert\"><\/div>\n\n\n                        <noscript>\n                            <div style=\"width: 302px; height: 422px;\">\n                                <div style=\"width: 302px; height: 422px; position: relative;\">\n                                    <div style=\"width: 302px; height: 422px; position: absolute;\">\n                                        <iframe\n                                                src=\"https:\/\/www.google.com\/recaptcha\/api\/fallback?k=6LfT34UjAAAAAEfPZVrEbA9c2822hsQpvUgC5_lK\"\n                                                frameborder=\"0\" scrolling=\"no\"\n                                                style=\"width: 302px; height:422px; border-style: none;\"\n                                                title=\"reCAPTCHA challenge\">\n                                        <\/iframe>\n                                    <\/div>\n                                    <div style=\"width: 300px; height: 60px; border-style: none;\n                  bottom: 12px; left: 25px; margin: 0px; padding: 0px; right: 25px;\n                  background: #f9f9f9; border: 1px solid #c1c1c1; border-radius: 3px;\">\n                                        <label for=\"g-recaptcha-response\" class=\"screen-reader-text\">reCAPTCHA response<\/label>\n                                        <textarea id=\"g-recaptcha-response\" name=\"g-recaptcha-response\"\n                                                  class=\"g-recaptcha-response\"\n                                                  style=\"width: 250px; height: 40px; border: 1px solid #c1c1c1;\n                                                         margin: 10px 25px; padding: 0px; resize: none;\"><\/textarea>\n                                    <\/div>\n                                <\/div>\n                            <\/div>\n                        <\/noscript>\n\n                    <\/div>\n                <\/div>\n\t\t\t            <input type=\"submit\" id=\"cscf_SubmitButton\" class=\"btn btn-default\"\n                   value=\"Nachricht senden\"\/>\n        <\/form>\n    <\/div>\n<\/div>\n","protected":false},"excerpt":{"rendered":"<p>So k\u00f6nnen Sie sich mit uns in Verbindung setzen Wir danken Ihnen f\u00fcr das Interesse an unserem Verein und freuen uns, dass Sie mit uns Kontakt aufnehmen m\u00f6chten. Im modernen Medienzeitalter k\u00f6nnen wir Ihnen eine Vielzahl von M\u00f6glichkeiten zur Kontaktaufnahme anbieten: auf dem Postweg, per Telefon, Mobil, Fax, E-Mail oder das unten vorhandene Webformular. Auf [&hellip;]<\/p>\n","protected":false},"author":1,"featured_media":0,"parent":0,"menu_order":0,"comment_status":"closed","ping_status":"open","template":"","meta":{"footnotes":""},"class_list":["post-31","page","type-page","status-publish","hentry"],"_links":{"self":[{"href":"https:\/\/www.lsc-fassberg.de\/index.php?rest_route=\/wp\/v2\/pages\/31","targetHints":{"allow":["GET"]}}],"collection":[{"href":"https:\/\/www.lsc-fassberg.de\/index.php?rest_route=\/wp\/v2\/pages"}],"about":[{"href":"https:\/\/www.lsc-fassberg.de\/index.php?rest_route=\/wp\/v2\/types\/page"}],"author":[{"embeddable":true,"href":"https:\/\/www.lsc-fassberg.de\/index.php?rest_route=\/wp\/v2\/users\/1"}],"replies":[{"embeddable":true,"href":"https:\/\/www.lsc-fassberg.de\/index.php?rest_route=%2Fwp%2Fv2%2Fcomments&post=31"}],"version-history":[{"count":5,"href":"https:\/\/www.lsc-fassberg.de\/index.php?rest_route=\/wp\/v2\/pages\/31\/revisions"}],"predecessor-version":[{"id":964,"href":"https:\/\/www.lsc-fassberg.de\/index.php?rest_route=\/wp\/v2\/pages\/31\/revisions\/964"}],"wp:attachment":[{"href":"https:\/\/www.lsc-fassberg.de\/index.php?rest_route=%2Fwp%2Fv2%2Fmedia&parent=31"}],"curies":[{"name":"wp","href":"https:\/\/api.w.org\/{rel}","templated":true}]}}