{"id":35,"date":"2014-03-10T21:48:39","date_gmt":"2014-03-10T20:48:39","guid":{"rendered":"http:\/\/www.lsc-fassberg.de\/?page_id=35"},"modified":"2016-05-23T21:28:13","modified_gmt":"2016-05-23T19:28:13","slug":"home","status":"publish","type":"page","link":"https:\/\/www.lsc-fassberg.de\/","title":{"rendered":"Home"},"content":{"rendered":"<h2>Willkommen beim Luftsport-Club Fassberg e.V.<\/h2>\n<p>Hier m\u00f6chten wir Dich \u00fcber den Luftsport-Club Fassberg e.V. informieren.<\/p>\n<p>Ob du dich einfach \u00fcber unseren Verein informieren, eine Ausbildung beginnen oder uns ganz einfach kontaktieren willst, hier bist du genau richtig!<\/p>\n<p>&nbsp;<\/p>\n<h2><a href=\"http:\/\/www.lsc-fassberg.de\/wp-content\/uploads\/2014\/03\/weather.jpg\"><img loading=\"lazy\" decoding=\"async\" width=\"300\" height=\"48\" class=\"wp-image-135 aligncenter\" src=\"http:\/\/www.lsc-fassberg.de\/wp-content\/uploads\/2014\/03\/weather-300x48.jpg\" alt=\"weather\" srcset=\"https:\/\/www.lsc-fassberg.de\/wp-content\/uploads\/2014\/03\/weather-300x48.jpg 300w, https:\/\/www.lsc-fassberg.de\/wp-content\/uploads\/2014\/03\/weather.jpg 575w\" sizes=\"auto, (max-width: 300px) 100vw, 300px\" \/><\/a><\/h2>\n","protected":false},"excerpt":{"rendered":"<p>Willkommen beim Luftsport-Club Fassberg e.V. Hier m\u00f6chten wir Dich \u00fcber den Luftsport-Club Fassberg e.V. informieren. Ob du dich einfach \u00fcber unseren Verein informieren, eine Ausbildung beginnen oder uns ganz einfach kontaktieren willst, hier bist du genau richtig! &nbsp;<\/p>\n","protected":false},"author":1,"featured_media":0,"parent":0,"menu_order":0,"comment_status":"closed","ping_status":"open","template":"","meta":{"footnotes":""},"class_list":["post-35","page","type-page","status-publish","hentry"],"_links":{"self":[{"href":"https:\/\/www.lsc-fassberg.de\/index.php?rest_route=\/wp\/v2\/pages\/35","targetHints":{"allow":["GET"]}}],"collection":[{"href":"https:\/\/www.lsc-fassberg.de\/index.php?rest_route=\/wp\/v2\/pages"}],"about":[{"href":"https:\/\/www.lsc-fassberg.de\/index.php?rest_route=\/wp\/v2\/types\/page"}],"author":[{"embeddable":true,"href":"https:\/\/www.lsc-fassberg.de\/index.php?rest_route=\/wp\/v2\/users\/1"}],"replies":[{"embeddable":true,"href":"https:\/\/www.lsc-fassberg.de\/index.php?rest_route=%2Fwp%2Fv2%2Fcomments&post=35"}],"version-history":[{"count":19,"href":"https:\/\/www.lsc-fassberg.de\/index.php?rest_route=\/wp\/v2\/pages\/35\/revisions"}],"predecessor-version":[{"id":693,"href":"https:\/\/www.lsc-fassberg.de\/index.php?rest_route=\/wp\/v2\/pages\/35\/revisions\/693"}],"wp:attachment":[{"href":"https:\/\/www.lsc-fassberg.de\/index.php?rest_route=%2Fwp%2Fv2%2Fmedia&parent=35"}],"curies":[{"name":"wp","href":"https:\/\/api.w.org\/{rel}","templated":true}]}}